{"id":250,"date":"2023-01-31T14:48:00","date_gmt":"2023-01-31T14:48:00","guid":{"rendered":"https:\/\/cakeandco66.com\/?page_id=250"},"modified":"2023-02-06T16:10:57","modified_gmt":"2023-02-06T16:10:57","slug":"bar-a-cookies-et-the","status":"publish","type":"page","link":"https:\/\/cakeandco66.com\/?page_id=250","title":{"rendered":"Cookies, Cakes et Viennoiseries"},"content":{"rendered":"","protected":false},"excerpt":{"rendered":"","protected":false},"author":1,"featured_media":0,"parent":0,"menu_order":0,"comment_status":"closed","ping_status":"closed","template":"","meta":{"om_disable_all_campaigns":false,"_monsterinsights_skip_tracking":false,"_monsterinsights_sitenote_active":false,"_monsterinsights_sitenote_note":"","_monsterinsights_sitenote_category":0},"aioseo_notices":[],"yoast_head":"<!-- This site is optimized with the Yoast SEO plugin v20.1 - https:\/\/yoast.com\/wordpress\/plugins\/seo\/ -->\n<title>Cookies, Cakes et Viennoiseries - Cake &amp; Co<\/title>\n<meta name=\"robots\" content=\"index, follow, max-snippet:-1, max-image-preview:large, max-video-preview:-1\" \/>\n<link rel=\"canonical\" href=\"https:\/\/cakeandco66.com\/?page_id=250\" \/>\n<meta property=\"og:locale\" content=\"en_US\" \/>\n<meta property=\"og:type\" content=\"article\" \/>\n<meta property=\"og:title\" content=\"Cookies, Cakes et Viennoiseries - Cake &amp; Co\" \/>\n<meta property=\"og:url\" content=\"https:\/\/cakeandco66.com\/?page_id=250\" \/>\n<meta property=\"og:site_name\" content=\"Cake &amp; Co\" \/>\n<meta property=\"article:modified_time\" content=\"2023-02-06T16:10:57+00:00\" \/>\n<meta name=\"twitter:card\" content=\"summary_large_image\" \/>\n<script type=\"application\/ld+json\" class=\"yoast-schema-graph\">{\"@context\":\"https:\/\/schema.org\",\"@graph\":[{\"@type\":\"WebPage\",\"@id\":\"https:\/\/cakeandco66.com\/?page_id=250\",\"url\":\"https:\/\/cakeandco66.com\/?page_id=250\",\"name\":\"Cookies, Cakes et Viennoiseries - Cake &amp; Co\",\"isPartOf\":{\"@id\":\"https:\/\/cakeandco66.com\/#website\"},\"datePublished\":\"2023-01-31T14:48:00+00:00\",\"dateModified\":\"2023-02-06T16:10:57+00:00\",\"breadcrumb\":{\"@id\":\"https:\/\/cakeandco66.com\/?page_id=250#breadcrumb\"},\"inLanguage\":\"en-US\",\"potentialAction\":[{\"@type\":\"ReadAction\",\"target\":[\"https:\/\/cakeandco66.com\/?page_id=250\"]}]},{\"@type\":\"BreadcrumbList\",\"@id\":\"https:\/\/cakeandco66.com\/?page_id=250#breadcrumb\",\"itemListElement\":[{\"@type\":\"ListItem\",\"position\":1,\"name\":\"Home\",\"item\":\"https:\/\/cakeandco66.com\/\"},{\"@type\":\"ListItem\",\"position\":2,\"name\":\"Cookies, Cakes et Viennoiseries\"}]},{\"@type\":\"WebSite\",\"@id\":\"https:\/\/cakeandco66.com\/#website\",\"url\":\"https:\/\/cakeandco66.com\/\",\"name\":\"Cake &amp; Co\",\"description\":\"Cr\u00e9ations P\u00e2tissi\u00e8res\",\"potentialAction\":[{\"@type\":\"SearchAction\",\"target\":{\"@type\":\"EntryPoint\",\"urlTemplate\":\"https:\/\/cakeandco66.com\/?s={search_term_string}\"},\"query-input\":\"required name=search_term_string\"}],\"inLanguage\":\"en-US\"}]}<\/script>\n<!-- \/ Yoast SEO plugin. -->","yoast_head_json":{"title":"Cookies, Cakes et Viennoiseries - Cake &amp; Co","robots":{"index":"index","follow":"follow","max-snippet":"max-snippet:-1","max-image-preview":"max-image-preview:large","max-video-preview":"max-video-preview:-1"},"canonical":"https:\/\/cakeandco66.com\/?page_id=250","og_locale":"en_US","og_type":"article","og_title":"Cookies, Cakes et Viennoiseries - Cake &amp; Co","og_url":"https:\/\/cakeandco66.com\/?page_id=250","og_site_name":"Cake &amp; Co","article_modified_time":"2023-02-06T16:10:57+00:00","twitter_card":"summary_large_image","schema":{"@context":"https:\/\/schema.org","@graph":[{"@type":"WebPage","@id":"https:\/\/cakeandco66.com\/?page_id=250","url":"https:\/\/cakeandco66.com\/?page_id=250","name":"Cookies, Cakes et Viennoiseries - Cake &amp; Co","isPartOf":{"@id":"https:\/\/cakeandco66.com\/#website"},"datePublished":"2023-01-31T14:48:00+00:00","dateModified":"2023-02-06T16:10:57+00:00","breadcrumb":{"@id":"https:\/\/cakeandco66.com\/?page_id=250#breadcrumb"},"inLanguage":"en-US","potentialAction":[{"@type":"ReadAction","target":["https:\/\/cakeandco66.com\/?page_id=250"]}]},{"@type":"BreadcrumbList","@id":"https:\/\/cakeandco66.com\/?page_id=250#breadcrumb","itemListElement":[{"@type":"ListItem","position":1,"name":"Home","item":"https:\/\/cakeandco66.com\/"},{"@type":"ListItem","position":2,"name":"Cookies, Cakes et Viennoiseries"}]},{"@type":"WebSite","@id":"https:\/\/cakeandco66.com\/#website","url":"https:\/\/cakeandco66.com\/","name":"Cake &amp; Co","description":"Cr\u00e9ations P\u00e2tissi\u00e8res","potentialAction":[{"@type":"SearchAction","target":{"@type":"EntryPoint","urlTemplate":"https:\/\/cakeandco66.com\/?s={search_term_string}"},"query-input":"required name=search_term_string"}],"inLanguage":"en-US"}]}},"_links":{"self":[{"href":"https:\/\/cakeandco66.com\/index.php?rest_route=\/wp\/v2\/pages\/250"}],"collection":[{"href":"https:\/\/cakeandco66.com\/index.php?rest_route=\/wp\/v2\/pages"}],"about":[{"href":"https:\/\/cakeandco66.com\/index.php?rest_route=\/wp\/v2\/types\/page"}],"author":[{"embeddable":true,"href":"https:\/\/cakeandco66.com\/index.php?rest_route=\/wp\/v2\/users\/1"}],"replies":[{"embeddable":true,"href":"https:\/\/cakeandco66.com\/index.php?rest_route=%2Fwp%2Fv2%2Fcomments&post=250"}],"version-history":[{"count":6,"href":"https:\/\/cakeandco66.com\/index.php?rest_route=\/wp\/v2\/pages\/250\/revisions"}],"predecessor-version":[{"id":440,"href":"https:\/\/cakeandco66.com\/index.php?rest_route=\/wp\/v2\/pages\/250\/revisions\/440"}],"wp:attachment":[{"href":"https:\/\/cakeandco66.com\/index.php?rest_route=%2Fwp%2Fv2%2Fmedia&parent=250"}],"curies":[{"name":"wp","href":"https:\/\/api.w.org\/{rel}","templated":true}]}}